{"id":12,"date":"2024-03-01T09:30:57","date_gmt":"2024-03-01T08:30:57","guid":{"rendered":"https:\/\/www.magnetchloe-avocat.fr\/?page_id=12"},"modified":"2024-04-25T11:53:43","modified_gmt":"2024-04-25T09:53:43","slug":"about","status":"publish","type":"page","link":"https:\/\/www.magnetchloe-avocat.fr\/index.php\/about\/","title":{"rendered":"L&#8217;avocate"},"content":{"rendered":"\n<div style=\"height:100px\" aria-hidden=\"true\" class=\"wp-block-spacer\"><\/div>\n\n\n\n<div class=\"wp-block-columns is-layout-flex wp-container-core-columns-is-layout-9d6595d7 wp-block-columns-is-layout-flex\">\n<div class=\"wp-block-column is-layout-flow wp-block-column-is-layout-flow\">\n<h2 class=\"wp-block-heading has-text-align-center margin-bottom-30\">Ma\u00eetre Chlo\u00e9 MAGNET<\/h2>\n\n\n\n<h2 class=\"wp-block-heading\"><\/h2>\n<\/div>\n<\/div>\n\n\n\n<div style=\"height:100px\" aria-hidden=\"true\" class=\"wp-block-spacer\"><\/div>\n\n\n\n<p class=\"has-text-align-center\">Ma\u00eetre Chlo\u00e9 MAGNET a fait ses \u00e9tudes de droit aupr\u00e8s de la facult\u00e9 de Valence (26), o\u00f9 elle a obtenu une licence avec mention. <\/p>\n\n\n\n<p><\/p>\n\n\n\n<p class=\"has-text-align-center\">Elle a ensuite \u00e9tudi\u00e9 le droit p\u00e9nal \u00e0 l&#8217;universit\u00e9 de Grenoble (38).<\/p>\n\n\n\n<p><\/p>\n\n\n\n<p class=\"has-text-align-center\">Apr\u00e8s avoir obtenu un master 2 de droit p\u00e9nal et sciences criminelles avec mention, elle a int\u00e9gr\u00e9 l&#8217;\u00e9cole des avocats de Rh\u00f4ne-Alpes \u00e0 LYON. <\/p>\n\n\n\n<p><\/p>\n\n\n\n<p class=\"has-text-align-center\">Forte de ses exp\u00e9riences professionnelles et universitaires, Ma\u00eetre MAGNET est comp\u00e9tente en droit p\u00e9nal, droit de la famille et droit civil.<\/p>\n\n\n\n<p><\/p>\n\n\n\n<p class=\"has-text-align-center\">Ma\u00eetre MAGNET a int\u00e9gr\u00e9 le Barreau de Villefranche-Sur-Sa\u00f4ne, o\u00f9 elle s&#8217;est install\u00e9e par amour pour la r\u00e9gion caladoise. <\/p>\n","protected":false},"excerpt":{"rendered":"<p>Ma\u00eetre Chlo\u00e9 MAGNET Ma\u00eetre Chlo\u00e9 MAGNET a fait ses \u00e9tudes de droit aupr\u00e8s de la facult\u00e9 de Valence (26), o\u00f9 elle a obtenu une licence&hellip;<\/p>\n","protected":false},"author":1,"featured_media":0,"parent":0,"menu_order":0,"comment_status":"closed","ping_status":"closed","template":"","meta":{"footnotes":""},"class_list":["post-12","page","type-page","status-publish","hentry"],"_links":{"self":[{"href":"https:\/\/www.magnetchloe-avocat.fr\/index.php\/wp-json\/wp\/v2\/pages\/12","targetHints":{"allow":["GET"]}}],"collection":[{"href":"https:\/\/www.magnetchloe-avocat.fr\/index.php\/wp-json\/wp\/v2\/pages"}],"about":[{"href":"https:\/\/www.magnetchloe-avocat.fr\/index.php\/wp-json\/wp\/v2\/types\/page"}],"author":[{"embeddable":true,"href":"https:\/\/www.magnetchloe-avocat.fr\/index.php\/wp-json\/wp\/v2\/users\/1"}],"replies":[{"embeddable":true,"href":"https:\/\/www.magnetchloe-avocat.fr\/index.php\/wp-json\/wp\/v2\/comments?post=12"}],"version-history":[{"count":8,"href":"https:\/\/www.magnetchloe-avocat.fr\/index.php\/wp-json\/wp\/v2\/pages\/12\/revisions"}],"predecessor-version":[{"id":134,"href":"https:\/\/www.magnetchloe-avocat.fr\/index.php\/wp-json\/wp\/v2\/pages\/12\/revisions\/134"}],"wp:attachment":[{"href":"https:\/\/www.magnetchloe-avocat.fr\/index.php\/wp-json\/wp\/v2\/media?parent=12"}],"curies":[{"name":"wp","href":"https:\/\/api.w.org\/{rel}","templated":true}]}}