{"id":112,"date":"2024-04-24T16:06:50","date_gmt":"2024-04-24T14:06:50","guid":{"rendered":"https:\/\/www.magnetchloe-avocat.fr\/?page_id=112"},"modified":"2024-04-25T11:52:56","modified_gmt":"2024-04-25T09:52:56","slug":"domaines-de-competence","status":"publish","type":"page","link":"https:\/\/www.magnetchloe-avocat.fr\/index.php\/domaines-de-competence\/","title":{"rendered":"Domaines de comp\u00e9tence"},"content":{"rendered":"\n<h2 class=\"wp-block-heading has-text-align-center\">DROIT PENAL<\/h2>\n\n\n\n<h2 class=\"wp-block-heading\"><\/h2>\n\n\n\n<p><\/p>\n\n\n\n<p class=\"has-text-align-center\">Auteur ou victime d&#8217;une infraction, Ma\u00eetre MAGNET est \u00e0-m\u00eame de vous conseiller et de vous repr\u00e9senter.<\/p>\n\n\n\n<p><\/p>\n\n\n\n<p class=\"has-text-align-center\">L&#8217;assistance par l&#8217;avocat est essentielle \u00e0 tous les stades de la proc\u00e9dure p\u00e9nale, pour une parfaite protection de vos droits.<\/p>\n\n\n\n<p><\/p>\n\n\n\n<p class=\"has-text-align-center\">N&#8217;h\u00e9sitez pas \u00e0 prendre contact avec Ma\u00eetre MAGNET pour une prise-en-charge efficace. <\/p>\n\n\n\n<p><\/p>\n\n\n\n<p><\/p>\n\n\n\n<h2 class=\"wp-block-heading has-text-align-center\">DROIT<strong> <\/strong>DE LA FAMILLE<\/h2>\n\n\n\n<h2 class=\"wp-block-heading\"><\/h2>\n\n\n\n<p><\/p>\n\n\n\n<p class=\"has-text-align-center\">Le droit de la famille regroupe de nombreuses situations, notamment des divorces, des s\u00e9parations de concubins, ainsi que l&#8217;organisation des droits parentaux.<\/p>\n\n\n\n<p><\/p>\n\n\n\n<p class=\"has-text-align-center\">Ce domaine d&#8217;intervention requiert une \u00e9coute importante de vos dol\u00e9ances, ce dont Ma\u00eetre MAGNET fera preuve. <\/p>\n\n\n\n<p><\/p>\n\n\n\n<p class=\"has-text-align-center\">Ce domaine du droit est \u00e9galement tr\u00e8s sensible, et trouver une solution amiable est parfois opportune et peut n\u00e9cessiter l&#8217;intervention d&#8217;un tiers comme l&#8217;avocat pour permettre un dialogue constructif entre les parties. <\/p>\n\n\n\n<p><\/p>\n\n\n\n<p><\/p>\n\n\n\n<h2 class=\"wp-block-heading has-text-align-center\">DROIT CIVIL<\/h2>\n\n\n\n<p><\/p>\n\n\n\n<h2 class=\"wp-block-heading\"><\/h2>\n\n\n\n<p class=\"has-text-align-center\">Ma\u00eetre MAGNET pourra \u00e9galement vous assister en droit civil, ce qui comprend de nombreuses probl\u00e9matiques (droit de la consommation, conflit de voisinage, responsabilit\u00e9 contractuelle et d\u00e9lictuelle&#8230;).<\/p>\n\n\n\n<p><\/p>\n\n\n\n<p class=\"has-text-align-center\">Ce contentieux est riche de situations tr\u00e8s diverses, qui appellent \u00e0 des analyses juridiques techniques pour trouver des solutions appropri\u00e9es. <\/p>\n\n\n\n<p><\/p>\n","protected":false},"excerpt":{"rendered":"<p>DROIT PENAL Auteur ou victime d&#8217;une infraction, Ma\u00eetre MAGNET est \u00e0-m\u00eame de vous conseiller et de vous repr\u00e9senter. L&#8217;assistance par l&#8217;avocat est essentielle \u00e0 tous&hellip;<\/p>\n","protected":false},"author":1,"featured_media":0,"parent":0,"menu_order":0,"comment_status":"closed","ping_status":"closed","template":"","meta":{"footnotes":""},"class_list":["post-112","page","type-page","status-publish","hentry"],"_links":{"self":[{"href":"https:\/\/www.magnetchloe-avocat.fr\/index.php\/wp-json\/wp\/v2\/pages\/112","targetHints":{"allow":["GET"]}}],"collection":[{"href":"https:\/\/www.magnetchloe-avocat.fr\/index.php\/wp-json\/wp\/v2\/pages"}],"about":[{"href":"https:\/\/www.magnetchloe-avocat.fr\/index.php\/wp-json\/wp\/v2\/types\/page"}],"author":[{"embeddable":true,"href":"https:\/\/www.magnetchloe-avocat.fr\/index.php\/wp-json\/wp\/v2\/users\/1"}],"replies":[{"embeddable":true,"href":"https:\/\/www.magnetchloe-avocat.fr\/index.php\/wp-json\/wp\/v2\/comments?post=112"}],"version-history":[{"count":4,"href":"https:\/\/www.magnetchloe-avocat.fr\/index.php\/wp-json\/wp\/v2\/pages\/112\/revisions"}],"predecessor-version":[{"id":133,"href":"https:\/\/www.magnetchloe-avocat.fr\/index.php\/wp-json\/wp\/v2\/pages\/112\/revisions\/133"}],"wp:attachment":[{"href":"https:\/\/www.magnetchloe-avocat.fr\/index.php\/wp-json\/wp\/v2\/media?parent=112"}],"curies":[{"name":"wp","href":"https:\/\/api.w.org\/{rel}","templated":true}]}}