{"id":11,"date":"2024-03-01T09:30:57","date_gmt":"2024-03-01T08:30:57","guid":{"rendered":"https:\/\/www.magnetchloe-avocat.fr\/?page_id=11"},"modified":"2024-04-25T11:54:20","modified_gmt":"2024-04-25T09:54:20","slug":"home","status":"publish","type":"page","link":"https:\/\/www.magnetchloe-avocat.fr\/","title":{"rendered":"Le cabinet"},"content":{"rendered":"\n<div style=\"height:100px\" aria-hidden=\"true\" class=\"wp-block-spacer\"><\/div>\n\n\n\n<div class=\"wp-block-cover is-light\" style=\"min-height:500px;aspect-ratio:unset;\"><span aria-hidden=\"true\" class=\"wp-block-cover__background has-background-dim\"><\/span><img fetchpriority=\"high\" decoding=\"async\" width=\"900\" height=\"506\" class=\"wp-block-cover__image-background wp-image-64\" alt=\"\" src=\"http:\/\/www.magnetchloe-avocat.fr\/wp-content\/uploads\/2023\/12\/symboles-justice-e1656062366306.jpg\" data-object-fit=\"cover\" srcset=\"https:\/\/www.magnetchloe-avocat.fr\/wp-content\/uploads\/2023\/12\/symboles-justice-e1656062366306.jpg 900w, https:\/\/www.magnetchloe-avocat.fr\/wp-content\/uploads\/2023\/12\/symboles-justice-e1656062366306-300x169.jpg 300w, https:\/\/www.magnetchloe-avocat.fr\/wp-content\/uploads\/2023\/12\/symboles-justice-e1656062366306-768x432.jpg 768w\" sizes=\"(max-width: 900px) 100vw, 900px\" \/><div class=\"wp-block-cover__inner-container is-layout-flow wp-block-cover-is-layout-flow\">\n<div class=\"wp-block-columns is-layout-flex wp-container-core-columns-is-layout-9d6595d7 wp-block-columns-is-layout-flex\">\n<div class=\"wp-block-column is-layout-flow wp-block-column-is-layout-flow\"><\/div>\n\n\n\n<div class=\"wp-block-column is-layout-flow wp-block-column-is-layout-flow\"><\/div>\n<\/div>\n<\/div><\/div>\n\n\n\n<div style=\"height:100px\" aria-hidden=\"true\" class=\"wp-block-spacer\"><\/div>\n\n\n\n<p class=\"has-text-align-center\">Le serment des avocats est le suivant : &#8220;Je jure, comme avocat, d&#8217;exercer mes fonctions avec dignit\u00e9, conscience, ind\u00e9pendance, probit\u00e9 et humanit\u00e9&#8221;.<\/p>\n\n\n\n<p class=\"has-text-align-center\">La profession d&#8217;avocat est une vocation, qui s&#8217;exerce avec passion. <\/p>\n\n\n\n<p><\/p>\n\n\n\n<p class=\"has-text-align-center\">Le cabinet est un lieu de confidentialit\u00e9 et d&#8217;\u00e9changes afin de nous permettre de trouver des solutions adapt\u00e9es. <\/p>\n\n\n\n<p><\/p>\n\n\n\n<p class=\"has-text-align-center\">Vous y serez \u00e9cout\u00e9 par Ma\u00eetre MAGNET, qui a \u00e0 c\u0153ur de mettre ses comp\u00e9tences \u00e0 votre service.<\/p>\n\n\n\n<p><\/p>\n\n\n\n<p><\/p>\n","protected":false},"excerpt":{"rendered":"<p>Le serment des avocats est le suivant : &#8220;Je jure, comme avocat, d&#8217;exercer mes fonctions avec dignit\u00e9, conscience, ind\u00e9pendance, probit\u00e9 et humanit\u00e9&#8221;. La profession d&#8217;avocat&hellip;<\/p>\n","protected":false},"author":1,"featured_media":0,"parent":0,"menu_order":0,"comment_status":"closed","ping_status":"closed","template":"","meta":{"footnotes":""},"class_list":["post-11","page","type-page","status-publish","hentry"],"_links":{"self":[{"href":"https:\/\/www.magnetchloe-avocat.fr\/index.php\/wp-json\/wp\/v2\/pages\/11","targetHints":{"allow":["GET"]}}],"collection":[{"href":"https:\/\/www.magnetchloe-avocat.fr\/index.php\/wp-json\/wp\/v2\/pages"}],"about":[{"href":"https:\/\/www.magnetchloe-avocat.fr\/index.php\/wp-json\/wp\/v2\/types\/page"}],"author":[{"embeddable":true,"href":"https:\/\/www.magnetchloe-avocat.fr\/index.php\/wp-json\/wp\/v2\/users\/1"}],"replies":[{"embeddable":true,"href":"https:\/\/www.magnetchloe-avocat.fr\/index.php\/wp-json\/wp\/v2\/comments?post=11"}],"version-history":[{"count":12,"href":"https:\/\/www.magnetchloe-avocat.fr\/index.php\/wp-json\/wp\/v2\/pages\/11\/revisions"}],"predecessor-version":[{"id":135,"href":"https:\/\/www.magnetchloe-avocat.fr\/index.php\/wp-json\/wp\/v2\/pages\/11\/revisions\/135"}],"wp:attachment":[{"href":"https:\/\/www.magnetchloe-avocat.fr\/index.php\/wp-json\/wp\/v2\/media?parent=11"}],"curies":[{"name":"wp","href":"https:\/\/api.w.org\/{rel}","templated":true}]}}